{"id":144,"date":"2014-12-08T20:33:18","date_gmt":"2014-12-08T19:33:18","guid":{"rendered":"https:\/\/www.szondaphone.hu\/?page_id=144"},"modified":"2021-01-22T13:49:20","modified_gmt":"2021-01-22T12:49:20","slug":"kapcsolat-page","status":"publish","type":"page","link":"https:\/\/www.szondaphone.hu\/en\/kapcsolat-page\/","title":{"rendered":"Contact"},"content":{"rendered":"<p><\/p>\n<h3>SzondaPhone Kft.<\/h3>\n<ul>\n<li class=\"pin\">HU 1096 Budapest, Thaly K\u00e1lm\u00e1n u. 39.<\/li>\n<li class=\"tel\"><strong>Tel.:<\/strong>\u00a0+36 1 467 5520<\/li>\n<li class=\"mail\"><strong>E-mail:<\/strong> <a href=\"mailto:info@szondaphone.hu\">info@szondaphone.hu<\/a><\/li>\n<\/ul>\n<p><a href=\"https:\/\/www.facebook.com\/Szondaphone-Kft-277236055622516\/\"><img loading=\"lazy\" decoding=\"async\" class=\"wp-image-543 colorbox-144\" src=\"https:\/\/www.szondaphone.hu\/wp-content\/uploads\/2017\/12\/szondaphone.hu_facebook.png\" alt=\"facebook\" width=\"20\" height=\"20\" srcset=\"https:\/\/www.szondaphone.hu\/wp-content\/uploads\/2017\/12\/szondaphone.hu_facebook.png 240w, https:\/\/www.szondaphone.hu\/wp-content\/uploads\/2017\/12\/szondaphone.hu_facebook-150x150.png 150w, https:\/\/www.szondaphone.hu\/wp-content\/uploads\/2017\/12\/szondaphone.hu_facebook-120x120.png 120w\" sizes=\"auto, (max-width: 20px) 100vw, 20px\" \/><\/a> <a href=\"https:\/\/www.facebook.com\/Szondaphone-Kft-277236055622516\/\">Facebook<\/a><br \/>\n<strong>Branchoffice:<\/strong><\/p>\n<ul>\n<li class=\"pin\">HU 4400 Ny\u00edregyh\u00e1za, Sz\u00e9chenyi u. 32\/B.<\/li>\n<li class=\"tel\"><strong>Tel.:<\/strong> +36 30\u00a0444 9053<\/li>\n<\/ul>\n<p>&nbsp;<\/p>\n<p><a href=\"https:\/\/www.szondaphone.hu\/wp-content\/uploads\/2018\/12\/szondaphone.hu_szondaphone-adatkezelesi-tajekoztato.pdf\" style=\"color: blue; text-decoration: underline\">Adatkezel\u00e9si \u00e9s adatbiztons\u00e1gi t\u00e1j\u00e9kozat\u00f3 let\u00f6lt\u00e9se\/megtekint\u00e9se<\/a><\/p>\n<div class=\"size-full\" style=\"background: none; border: none; position: fixed; bottom: 0; right: 0; max-width: 260px; height: auto;\"><a href=\"\/en\/projektjeink\"><br \/>\n<img loading=\"lazy\" decoding=\"async\" width=\"400\" height=\"277\" class=\"wp-image-364 colorbox-144\" src=\"https:\/\/www.szondaphone.hu\/wp-content\/uploads\/2015\/11\/szondaphone.hu_infoblokk-masik.png\" alt=\"infoblokk-masik\" srcset=\"https:\/\/www.szondaphone.hu\/wp-content\/uploads\/2015\/11\/szondaphone.hu_infoblokk-masik.png 400w, https:\/\/www.szondaphone.hu\/wp-content\/uploads\/2015\/11\/szondaphone.hu_infoblokk-masik-250x173.png 250w, https:\/\/www.szondaphone.hu\/wp-content\/uploads\/2015\/11\/szondaphone.hu_infoblokk-masik-120x83.png 120w, https:\/\/www.szondaphone.hu\/wp-content\/uploads\/2015\/11\/szondaphone.hu_infoblokk-masik-160x110.png 160w\" sizes=\"auto, (max-width: 400px) 100vw, 400px\" \/><br \/>\n<\/a><\/div>\n<p><\/p>","protected":false},"excerpt":{"rendered":"SzondaPhone Kft. HU 1096 Budapest, Thaly K\u00e1lm\u00e1n u. 39. Tel.:\u00a0+36 1 467 5520 E-mail: info@szondaphone.hu Facebook Branchoffice: HU 4400 Ny\u00edregyh\u00e1za, Sz\u00e9chenyi u. 32\/B. Tel.: +36 30\u00a0444 9053 &nbsp; Adatkezel\u00e9si \u00e9s adatbiztons\u00e1gi t\u00e1j\u00e9kozat\u00f3 let\u00f6lt\u00e9se\/megtekint\u00e9se","protected":false},"author":3,"featured_media":280,"parent":0,"menu_order":0,"comment_status":"open","ping_status":"open","template":"page-kapcsolat.php","meta":{"_acf_changed":false,"footnotes":""},"class_list":["post-144","page","type-page","status-publish","has-post-thumbnail","hentry"],"acf":[],"yoast_head":"<!-- This site is optimized with the Yoast SEO plugin v27.4 - https:\/\/yoast.com\/product\/yoast-seo-wordpress\/ -->\n<title>Contact - Szondaphone<\/title>\n<meta name=\"robots\" content=\"index, follow, max-snippet:-1, max-image-preview:large, max-video-preview:-1\" \/>\n<link rel=\"canonical\" href=\"https:\/\/www.szondaphone.hu\/kapcsolat-page\/\" \/>\n<meta property=\"og:locale\" content=\"en_US\" \/>\n<meta property=\"og:type\" content=\"article\" \/>\n<meta property=\"og:title\" content=\"Contact - Szondaphone\" \/>\n<meta property=\"og:description\" content=\"SzondaPhone Kft. HU 1096 Budapest, Thaly K\u00e1lm\u00e1n u. 39. Tel.:\u00a0+36 1 467 5520 E-mail: info@szondaphone.hu Facebook Branchoffice: HU 4400 Ny\u00edregyh\u00e1za, Sz\u00e9chenyi u. 32\/B. Tel.: +36 30\u00a0444 9053 &nbsp; Adatkezel\u00e9si \u00e9s adatbiztons\u00e1gi t\u00e1j\u00e9kozat\u00f3 let\u00f6lt\u00e9se\/megtekint\u00e9se\" \/>\n<meta property=\"og:url\" content=\"https:\/\/www.szondaphone.hu\/kapcsolat-page\/\" \/>\n<meta property=\"og:site_name\" content=\"Szondaphone\" \/>\n<meta property=\"article:modified_time\" content=\"2021-01-22T12:49:20+00:00\" \/>\n<meta property=\"og:image\" content=\"https:\/\/www.szondaphone.hu\/wp-content\/uploads\/2014\/12\/dial-reach_logo.png\" \/>\n\t<meta property=\"og:image:width\" content=\"241\" \/>\n\t<meta property=\"og:image:height\" content=\"128\" \/>\n\t<meta property=\"og:image:type\" content=\"image\/png\" \/>\n<meta name=\"twitter:label1\" content=\"Est. reading time\" \/>\n\t<meta name=\"twitter:data1\" content=\"1 minute\" \/>\n<script type=\"application\/ld+json\" class=\"yoast-schema-graph\">{\"@context\":\"https:\\\/\\\/schema.org\",\"@graph\":[{\"@type\":\"WebPage\",\"@id\":\"https:\\\/\\\/www.szondaphone.hu\\\/kapcsolat-page\\\/\",\"url\":\"https:\\\/\\\/www.szondaphone.hu\\\/kapcsolat-page\\\/\",\"name\":\"[:hu]Kapcsolat[:en]Contact[:] - Szondaphone\",\"isPartOf\":{\"@id\":\"https:\\\/\\\/www.szondaphone.hu\\\/#website\"},\"primaryImageOfPage\":{\"@id\":\"https:\\\/\\\/www.szondaphone.hu\\\/kapcsolat-page\\\/#primaryimage\"},\"image\":{\"@id\":\"https:\\\/\\\/www.szondaphone.hu\\\/kapcsolat-page\\\/#primaryimage\"},\"thumbnailUrl\":\"https:\\\/\\\/www.szondaphone.hu\\\/wp-content\\\/uploads\\\/2014\\\/12\\\/dial-reach_logo.png\",\"datePublished\":\"2014-12-08T19:33:18+00:00\",\"dateModified\":\"2021-01-22T12:49:20+00:00\",\"breadcrumb\":{\"@id\":\"https:\\\/\\\/www.szondaphone.hu\\\/kapcsolat-page\\\/#breadcrumb\"},\"inLanguage\":\"en-US\",\"potentialAction\":[{\"@type\":\"ReadAction\",\"target\":[\"https:\\\/\\\/www.szondaphone.hu\\\/kapcsolat-page\\\/\"]}]},{\"@type\":\"ImageObject\",\"inLanguage\":\"en-US\",\"@id\":\"https:\\\/\\\/www.szondaphone.hu\\\/kapcsolat-page\\\/#primaryimage\",\"url\":\"https:\\\/\\\/www.szondaphone.hu\\\/wp-content\\\/uploads\\\/2014\\\/12\\\/dial-reach_logo.png\",\"contentUrl\":\"https:\\\/\\\/www.szondaphone.hu\\\/wp-content\\\/uploads\\\/2014\\\/12\\\/dial-reach_logo.png\",\"width\":241,\"height\":128},{\"@type\":\"BreadcrumbList\",\"@id\":\"https:\\\/\\\/www.szondaphone.hu\\\/kapcsolat-page\\\/#breadcrumb\",\"itemListElement\":[{\"@type\":\"ListItem\",\"position\":1,\"name\":\"Kezd\u0151lap\",\"item\":\"https:\\\/\\\/www.szondaphone.hu\\\/\"},{\"@type\":\"ListItem\",\"position\":2,\"name\":\"Kapcsolat\"}]},{\"@type\":\"WebSite\",\"@id\":\"https:\\\/\\\/www.szondaphone.hu\\\/#website\",\"url\":\"https:\\\/\\\/www.szondaphone.hu\\\/\",\"name\":\"Szondaphone\",\"description\":\"...\",\"potentialAction\":[{\"@type\":\"SearchAction\",\"target\":{\"@type\":\"EntryPoint\",\"urlTemplate\":\"https:\\\/\\\/www.szondaphone.hu\\\/?s={search_term_string}\"},\"query-input\":{\"@type\":\"PropertyValueSpecification\",\"valueRequired\":true,\"valueName\":\"search_term_string\"}}],\"inLanguage\":\"en-US\"}]}<\/script>\n<!-- \/ Yoast SEO plugin. -->","yoast_head_json":{"title":"Contact - Szondaphone","robots":{"index":"index","follow":"follow","max-snippet":"max-snippet:-1","max-image-preview":"max-image-preview:large","max-video-preview":"max-video-preview:-1"},"canonical":"https:\/\/www.szondaphone.hu\/kapcsolat-page\/","og_locale":"en_US","og_type":"article","og_title":"Contact - Szondaphone","og_description":"SzondaPhone Kft. HU 1096 Budapest, Thaly K\u00e1lm\u00e1n u. 39. Tel.:\u00a0+36 1 467 5520 E-mail: info@szondaphone.hu Facebook Branchoffice: HU 4400 Ny\u00edregyh\u00e1za, Sz\u00e9chenyi u. 32\/B. Tel.: +36 30\u00a0444 9053 &nbsp; Adatkezel\u00e9si \u00e9s adatbiztons\u00e1gi t\u00e1j\u00e9kozat\u00f3 let\u00f6lt\u00e9se\/megtekint\u00e9se","og_url":"https:\/\/www.szondaphone.hu\/kapcsolat-page\/","og_site_name":"Szondaphone","article_modified_time":"2021-01-22T12:49:20+00:00","og_image":[{"width":241,"height":128,"url":"https:\/\/www.szondaphone.hu\/wp-content\/uploads\/2014\/12\/dial-reach_logo.png","type":"image\/png"}],"twitter_misc":{"Est. reading time":"1 minute"},"schema":{"@context":"https:\/\/schema.org","@graph":[{"@type":"WebPage","@id":"https:\/\/www.szondaphone.hu\/kapcsolat-page\/","url":"https:\/\/www.szondaphone.hu\/kapcsolat-page\/","name":"[:hu]Kapcsolat[:en]Contact[:] - Szondaphone","isPartOf":{"@id":"https:\/\/www.szondaphone.hu\/#website"},"primaryImageOfPage":{"@id":"https:\/\/www.szondaphone.hu\/kapcsolat-page\/#primaryimage"},"image":{"@id":"https:\/\/www.szondaphone.hu\/kapcsolat-page\/#primaryimage"},"thumbnailUrl":"https:\/\/www.szondaphone.hu\/wp-content\/uploads\/2014\/12\/dial-reach_logo.png","datePublished":"2014-12-08T19:33:18+00:00","dateModified":"2021-01-22T12:49:20+00:00","breadcrumb":{"@id":"https:\/\/www.szondaphone.hu\/kapcsolat-page\/#breadcrumb"},"inLanguage":"en-US","potentialAction":[{"@type":"ReadAction","target":["https:\/\/www.szondaphone.hu\/kapcsolat-page\/"]}]},{"@type":"ImageObject","inLanguage":"en-US","@id":"https:\/\/www.szondaphone.hu\/kapcsolat-page\/#primaryimage","url":"https:\/\/www.szondaphone.hu\/wp-content\/uploads\/2014\/12\/dial-reach_logo.png","contentUrl":"https:\/\/www.szondaphone.hu\/wp-content\/uploads\/2014\/12\/dial-reach_logo.png","width":241,"height":128},{"@type":"BreadcrumbList","@id":"https:\/\/www.szondaphone.hu\/kapcsolat-page\/#breadcrumb","itemListElement":[{"@type":"ListItem","position":1,"name":"Kezd\u0151lap","item":"https:\/\/www.szondaphone.hu\/"},{"@type":"ListItem","position":2,"name":"Kapcsolat"}]},{"@type":"WebSite","@id":"https:\/\/www.szondaphone.hu\/#website","url":"https:\/\/www.szondaphone.hu\/","name":"Szondaphone","description":"...","potentialAction":[{"@type":"SearchAction","target":{"@type":"EntryPoint","urlTemplate":"https:\/\/www.szondaphone.hu\/?s={search_term_string}"},"query-input":{"@type":"PropertyValueSpecification","valueRequired":true,"valueName":"search_term_string"}}],"inLanguage":"en-US"}]}},"_links":{"self":[{"href":"https:\/\/www.szondaphone.hu\/en\/wp-json\/wp\/v2\/pages\/144","targetHints":{"allow":["GET"]}}],"collection":[{"href":"https:\/\/www.szondaphone.hu\/en\/wp-json\/wp\/v2\/pages"}],"about":[{"href":"https:\/\/www.szondaphone.hu\/en\/wp-json\/wp\/v2\/types\/page"}],"author":[{"embeddable":true,"href":"https:\/\/www.szondaphone.hu\/en\/wp-json\/wp\/v2\/users\/3"}],"replies":[{"embeddable":true,"href":"https:\/\/www.szondaphone.hu\/en\/wp-json\/wp\/v2\/comments?post=144"}],"version-history":[{"count":0,"href":"https:\/\/www.szondaphone.hu\/en\/wp-json\/wp\/v2\/pages\/144\/revisions"}],"wp:featuredmedia":[{"embeddable":true,"href":"https:\/\/www.szondaphone.hu\/en\/wp-json\/wp\/v2\/media\/280"}],"wp:attachment":[{"href":"https:\/\/www.szondaphone.hu\/en\/wp-json\/wp\/v2\/media?parent=144"}],"curies":[{"name":"wp","href":"https:\/\/api.w.org\/{rel}","templated":true}]}}