{"id":250,"date":"2014-12-11T12:25:52","date_gmt":"2014-12-11T11:25:52","guid":{"rendered":"https:\/\/www.szondaphone.hu\/?page_id=250"},"modified":"2018-06-06T20:09:47","modified_gmt":"2018-06-06T18:09:47","slug":"cegbemutato-telemarketing","status":"publish","type":"page","link":"https:\/\/www.szondaphone.hu\/en\/cegbemutato-telemarketing\/","title":{"rendered":"About us"},"content":{"rendered":"<p>SzondaPhone Kft has served its Clients since 1998, with top-quality telephony-based services backed by state-of-the-art technology.<\/p>\n<p>It\u2019s been over a quarter-century. And, thanks to our Clients and colleagues (as well as the quality we provide), our growth has continued ever since.<br \/>\nOur company is being expanded at the Budapest site as well as nationwide. In 2006, we opened a site in Ny\u00edregyh\u00e1za, then another one in Miskolc in 2010, increasing the number of our workstations to over 500.<\/p>\n<p>With their relevant knowledge and supportive attitudes, our managers contribute a lot to the constant progress of our company. Almost all of our employees in the \u201ccockpits\u201d, as well as in the back offices, have worked as operators before, so they all have the relevant experience to understand the responsibilities and issues that may await them.<\/p>\n<p><!--more More--><\/p>\n<h2>WHY CHOOSE US<\/h2>\n<p>SzondaPhone Kft. is among the call and contact centres with the greatest breadth and depth of experience, showcasing one of the largest, most extensive and most reliable portfolios in its category.<\/p>\n<p>Over the years, our company has become a key actor in the Hungarian market: from a small call centre of a few dozen employees to a successful company that receives thousands of inbound calls every day and makes ten million outbound calls each year.<\/p>\n<p>Quality and data privacy are among our key priorities.<\/p>\n<p>We are capable of making the requested headcount available for our Clients within a few days or even a few hours.<\/p>\n<p>In the case of customer service, high flexibility is inevitable. And this takes a company with versatile experience on all levels and with a headcount that enables them to serve all Clients in parallel reliably and at a top-quality level.<\/p>\n<p>In the case of telesales campaigns, the importance of preparedness and appropriate human resources cannot be overlooked. Only a few can process up to 2-300,000 records per month.<br \/>\nOur size and equipment, as well as the attitude and experience of our employees, enable us to fulfil the demands of our Clients in an excellent and accurate manner.<\/p>\n<div class=\"size-full\" style=\"background: none; border: none; position: fixed; bottom: 0; right: 0; max-width: 260px; height: auto;\"><a href=\"\/en\/projektjeink\"><br \/>\n<img loading=\"lazy\" decoding=\"async\" width=\"400\" height=\"277\" class=\"wp-image-364 colorbox-250\" src=\"https:\/\/www.szondaphone.hu\/wp-content\/uploads\/2015\/11\/szondaphone.hu_infoblokk-masik.png\" alt=\"infoblokk-masik\" srcset=\"https:\/\/www.szondaphone.hu\/wp-content\/uploads\/2015\/11\/szondaphone.hu_infoblokk-masik.png 400w, https:\/\/www.szondaphone.hu\/wp-content\/uploads\/2015\/11\/szondaphone.hu_infoblokk-masik-250x173.png 250w, https:\/\/www.szondaphone.hu\/wp-content\/uploads\/2015\/11\/szondaphone.hu_infoblokk-masik-120x83.png 120w, https:\/\/www.szondaphone.hu\/wp-content\/uploads\/2015\/11\/szondaphone.hu_infoblokk-masik-160x110.png 160w\" sizes=\"auto, (max-width: 400px) 100vw, 400px\" \/><br \/>\n<\/a><\/div>\n<p><\/p>","protected":false},"excerpt":{"rendered":"Sorry, this entry is only available in Magyar.","protected":false},"author":3,"featured_media":278,"parent":0,"menu_order":0,"comment_status":"open","ping_status":"open","template":"","meta":{"_acf_changed":false,"footnotes":""},"class_list":["post-250","page","type-page","status-publish","has-post-thumbnail","hentry"],"acf":[],"yoast_head":"<!-- This site is optimized with the Yoast SEO plugin v27.4 - https:\/\/yoast.com\/product\/yoast-seo-wordpress\/ -->\n<title>Bej\u00f6v\u0151 h\u00edv\u00e1sok fogad\u00e1sa, kimen\u0151 megkeres\u00e9sek, kutat\u00e1s telemarketing<\/title>\n<meta name=\"description\" content=\"T\u00f6meges sms k\u00fcld\u00e9s\/fogad\u00e1s, e-mail kezel\u00e9s, telefon alap\u00fa nyerem\u00e9nyj\u00e1t\u00e9kok, SMS, IVR, real time oper\u00e1tor, 24 \u00f3r\u00e1s helpdesk, telemarketing rendel\u00e9sek \u00e9s regisztr\u00e1ci\u00f3k felv\u00e9tele\" \/>\n<meta name=\"robots\" content=\"index, follow, max-snippet:-1, max-image-preview:large, max-video-preview:-1\" \/>\n<link rel=\"canonical\" href=\"https:\/\/www.szondaphone.hu\/cegbemutato-telemarketing\/\" \/>\n<meta property=\"og:locale\" content=\"en_US\" \/>\n<meta property=\"og:type\" content=\"article\" \/>\n<meta property=\"og:title\" content=\"Bej\u00f6v\u0151 h\u00edv\u00e1sok fogad\u00e1sa, kimen\u0151 megkeres\u00e9sek, kutat\u00e1s telemarketing\" \/>\n<meta property=\"og:description\" content=\"T\u00f6meges sms k\u00fcld\u00e9s\/fogad\u00e1s, e-mail kezel\u00e9s, telefon alap\u00fa nyerem\u00e9nyj\u00e1t\u00e9kok, SMS, IVR, real time oper\u00e1tor, 24 \u00f3r\u00e1s helpdesk, telemarketing rendel\u00e9sek \u00e9s regisztr\u00e1ci\u00f3k felv\u00e9tele\" \/>\n<meta property=\"og:url\" content=\"https:\/\/www.szondaphone.hu\/cegbemutato-telemarketing\/\" \/>\n<meta property=\"og:site_name\" content=\"Szondaphone\" \/>\n<meta property=\"article:modified_time\" content=\"2018-06-06T18:09:47+00:00\" \/>\n<meta property=\"og:image\" content=\"https:\/\/www.szondaphone.hu\/wp-content\/uploads\/2014\/12\/dial-reach_stockfresh_id49133_successful-business-men-working-on-a-laptop_sizes1.jpg\" \/>\n\t<meta property=\"og:image:width\" content=\"400\" \/>\n\t<meta property=\"og:image:height\" content=\"485\" \/>\n\t<meta property=\"og:image:type\" content=\"image\/jpeg\" \/>\n<meta name=\"twitter:label1\" content=\"Est. reading time\" \/>\n\t<meta name=\"twitter:data1\" content=\"6 minutes\" \/>\n<script type=\"application\/ld+json\" class=\"yoast-schema-graph\">{\"@context\":\"https:\\\/\\\/schema.org\",\"@graph\":[{\"@type\":\"WebPage\",\"@id\":\"https:\\\/\\\/www.szondaphone.hu\\\/cegbemutato-telemarketing\\\/\",\"url\":\"https:\\\/\\\/www.szondaphone.hu\\\/cegbemutato-telemarketing\\\/\",\"name\":\"Bej\u00f6v\u0151 h\u00edv\u00e1sok fogad\u00e1sa, kimen\u0151 megkeres\u00e9sek, kutat\u00e1s telemarketing\",\"isPartOf\":{\"@id\":\"https:\\\/\\\/www.szondaphone.hu\\\/#website\"},\"primaryImageOfPage\":{\"@id\":\"https:\\\/\\\/www.szondaphone.hu\\\/cegbemutato-telemarketing\\\/#primaryimage\"},\"image\":{\"@id\":\"https:\\\/\\\/www.szondaphone.hu\\\/cegbemutato-telemarketing\\\/#primaryimage\"},\"thumbnailUrl\":\"https:\\\/\\\/www.szondaphone.hu\\\/wp-content\\\/uploads\\\/2014\\\/12\\\/dial-reach_stockfresh_id49133_successful-business-men-working-on-a-laptop_sizes1.jpg\",\"datePublished\":\"2014-12-11T11:25:52+00:00\",\"dateModified\":\"2018-06-06T18:09:47+00:00\",\"description\":\"T\u00f6meges sms k\u00fcld\u00e9s\\\/fogad\u00e1s, e-mail kezel\u00e9s, telefon alap\u00fa nyerem\u00e9nyj\u00e1t\u00e9kok, SMS, IVR, real time oper\u00e1tor, 24 \u00f3r\u00e1s helpdesk, telemarketing rendel\u00e9sek \u00e9s regisztr\u00e1ci\u00f3k felv\u00e9tele\",\"breadcrumb\":{\"@id\":\"https:\\\/\\\/www.szondaphone.hu\\\/cegbemutato-telemarketing\\\/#breadcrumb\"},\"inLanguage\":\"en-US\",\"potentialAction\":[{\"@type\":\"ReadAction\",\"target\":[\"https:\\\/\\\/www.szondaphone.hu\\\/cegbemutato-telemarketing\\\/\"]}]},{\"@type\":\"ImageObject\",\"inLanguage\":\"en-US\",\"@id\":\"https:\\\/\\\/www.szondaphone.hu\\\/cegbemutato-telemarketing\\\/#primaryimage\",\"url\":\"https:\\\/\\\/www.szondaphone.hu\\\/wp-content\\\/uploads\\\/2014\\\/12\\\/dial-reach_stockfresh_id49133_successful-business-men-working-on-a-laptop_sizes1.jpg\",\"contentUrl\":\"https:\\\/\\\/www.szondaphone.hu\\\/wp-content\\\/uploads\\\/2014\\\/12\\\/dial-reach_stockfresh_id49133_successful-business-men-working-on-a-laptop_sizes1.jpg\",\"width\":400,\"height\":485},{\"@type\":\"BreadcrumbList\",\"@id\":\"https:\\\/\\\/www.szondaphone.hu\\\/cegbemutato-telemarketing\\\/#breadcrumb\",\"itemListElement\":[{\"@type\":\"ListItem\",\"position\":1,\"name\":\"Kezd\u0151lap\",\"item\":\"https:\\\/\\\/www.szondaphone.hu\\\/\"},{\"@type\":\"ListItem\",\"position\":2,\"name\":\"C\u00e9gbemutat\u00f3\"}]},{\"@type\":\"WebSite\",\"@id\":\"https:\\\/\\\/www.szondaphone.hu\\\/#website\",\"url\":\"https:\\\/\\\/www.szondaphone.hu\\\/\",\"name\":\"Szondaphone\",\"description\":\"...\",\"potentialAction\":[{\"@type\":\"SearchAction\",\"target\":{\"@type\":\"EntryPoint\",\"urlTemplate\":\"https:\\\/\\\/www.szondaphone.hu\\\/?s={search_term_string}\"},\"query-input\":{\"@type\":\"PropertyValueSpecification\",\"valueRequired\":true,\"valueName\":\"search_term_string\"}}],\"inLanguage\":\"en-US\"}]}<\/script>\n<!-- \/ Yoast SEO plugin. -->","yoast_head_json":{"title":"Bej\u00f6v\u0151 h\u00edv\u00e1sok fogad\u00e1sa, kimen\u0151 megkeres\u00e9sek, kutat\u00e1s telemarketing","description":"T\u00f6meges sms k\u00fcld\u00e9s\/fogad\u00e1s, e-mail kezel\u00e9s, telefon alap\u00fa nyerem\u00e9nyj\u00e1t\u00e9kok, SMS, IVR, real time oper\u00e1tor, 24 \u00f3r\u00e1s helpdesk, telemarketing rendel\u00e9sek \u00e9s regisztr\u00e1ci\u00f3k felv\u00e9tele","robots":{"index":"index","follow":"follow","max-snippet":"max-snippet:-1","max-image-preview":"max-image-preview:large","max-video-preview":"max-video-preview:-1"},"canonical":"https:\/\/www.szondaphone.hu\/cegbemutato-telemarketing\/","og_locale":"en_US","og_type":"article","og_title":"Bej\u00f6v\u0151 h\u00edv\u00e1sok fogad\u00e1sa, kimen\u0151 megkeres\u00e9sek, kutat\u00e1s telemarketing","og_description":"T\u00f6meges sms k\u00fcld\u00e9s\/fogad\u00e1s, e-mail kezel\u00e9s, telefon alap\u00fa nyerem\u00e9nyj\u00e1t\u00e9kok, SMS, IVR, real time oper\u00e1tor, 24 \u00f3r\u00e1s helpdesk, telemarketing rendel\u00e9sek \u00e9s regisztr\u00e1ci\u00f3k felv\u00e9tele","og_url":"https:\/\/www.szondaphone.hu\/cegbemutato-telemarketing\/","og_site_name":"Szondaphone","article_modified_time":"2018-06-06T18:09:47+00:00","og_image":[{"width":400,"height":485,"url":"https:\/\/www.szondaphone.hu\/wp-content\/uploads\/2014\/12\/dial-reach_stockfresh_id49133_successful-business-men-working-on-a-laptop_sizes1.jpg","type":"image\/jpeg"}],"twitter_misc":{"Est. reading time":"6 minutes"},"schema":{"@context":"https:\/\/schema.org","@graph":[{"@type":"WebPage","@id":"https:\/\/www.szondaphone.hu\/cegbemutato-telemarketing\/","url":"https:\/\/www.szondaphone.hu\/cegbemutato-telemarketing\/","name":"Bej\u00f6v\u0151 h\u00edv\u00e1sok fogad\u00e1sa, kimen\u0151 megkeres\u00e9sek, kutat\u00e1s telemarketing","isPartOf":{"@id":"https:\/\/www.szondaphone.hu\/#website"},"primaryImageOfPage":{"@id":"https:\/\/www.szondaphone.hu\/cegbemutato-telemarketing\/#primaryimage"},"image":{"@id":"https:\/\/www.szondaphone.hu\/cegbemutato-telemarketing\/#primaryimage"},"thumbnailUrl":"https:\/\/www.szondaphone.hu\/wp-content\/uploads\/2014\/12\/dial-reach_stockfresh_id49133_successful-business-men-working-on-a-laptop_sizes1.jpg","datePublished":"2014-12-11T11:25:52+00:00","dateModified":"2018-06-06T18:09:47+00:00","description":"T\u00f6meges sms k\u00fcld\u00e9s\/fogad\u00e1s, e-mail kezel\u00e9s, telefon alap\u00fa nyerem\u00e9nyj\u00e1t\u00e9kok, SMS, IVR, real time oper\u00e1tor, 24 \u00f3r\u00e1s helpdesk, telemarketing rendel\u00e9sek \u00e9s regisztr\u00e1ci\u00f3k felv\u00e9tele","breadcrumb":{"@id":"https:\/\/www.szondaphone.hu\/cegbemutato-telemarketing\/#breadcrumb"},"inLanguage":"en-US","potentialAction":[{"@type":"ReadAction","target":["https:\/\/www.szondaphone.hu\/cegbemutato-telemarketing\/"]}]},{"@type":"ImageObject","inLanguage":"en-US","@id":"https:\/\/www.szondaphone.hu\/cegbemutato-telemarketing\/#primaryimage","url":"https:\/\/www.szondaphone.hu\/wp-content\/uploads\/2014\/12\/dial-reach_stockfresh_id49133_successful-business-men-working-on-a-laptop_sizes1.jpg","contentUrl":"https:\/\/www.szondaphone.hu\/wp-content\/uploads\/2014\/12\/dial-reach_stockfresh_id49133_successful-business-men-working-on-a-laptop_sizes1.jpg","width":400,"height":485},{"@type":"BreadcrumbList","@id":"https:\/\/www.szondaphone.hu\/cegbemutato-telemarketing\/#breadcrumb","itemListElement":[{"@type":"ListItem","position":1,"name":"Kezd\u0151lap","item":"https:\/\/www.szondaphone.hu\/"},{"@type":"ListItem","position":2,"name":"C\u00e9gbemutat\u00f3"}]},{"@type":"WebSite","@id":"https:\/\/www.szondaphone.hu\/#website","url":"https:\/\/www.szondaphone.hu\/","name":"Szondaphone","description":"...","potentialAction":[{"@type":"SearchAction","target":{"@type":"EntryPoint","urlTemplate":"https:\/\/www.szondaphone.hu\/?s={search_term_string}"},"query-input":{"@type":"PropertyValueSpecification","valueRequired":true,"valueName":"search_term_string"}}],"inLanguage":"en-US"}]}},"_links":{"self":[{"href":"https:\/\/www.szondaphone.hu\/en\/wp-json\/wp\/v2\/pages\/250","targetHints":{"allow":["GET"]}}],"collection":[{"href":"https:\/\/www.szondaphone.hu\/en\/wp-json\/wp\/v2\/pages"}],"about":[{"href":"https:\/\/www.szondaphone.hu\/en\/wp-json\/wp\/v2\/types\/page"}],"author":[{"embeddable":true,"href":"https:\/\/www.szondaphone.hu\/en\/wp-json\/wp\/v2\/users\/3"}],"replies":[{"embeddable":true,"href":"https:\/\/www.szondaphone.hu\/en\/wp-json\/wp\/v2\/comments?post=250"}],"version-history":[{"count":0,"href":"https:\/\/www.szondaphone.hu\/en\/wp-json\/wp\/v2\/pages\/250\/revisions"}],"wp:featuredmedia":[{"embeddable":true,"href":"https:\/\/www.szondaphone.hu\/en\/wp-json\/wp\/v2\/media\/278"}],"wp:attachment":[{"href":"https:\/\/www.szondaphone.hu\/en\/wp-json\/wp\/v2\/media?parent=250"}],"curies":[{"name":"wp","href":"https:\/\/api.w.org\/{rel}","templated":true}]}}