{"id":318,"date":"2015-06-10T15:01:20","date_gmt":"2015-06-10T13:01:20","guid":{"rendered":"https:\/\/www.szondaphone.hu\/?page_id=318"},"modified":"2018-06-06T20:11:31","modified_gmt":"2018-06-06T18:11:31","slug":"utazaskiallitas-2015-03-01","status":"publish","type":"page","link":"https:\/\/www.szondaphone.hu\/en\/utazaskiallitas-2015-03-01\/","title":{"rendered":"Traveling exhibition &#8211; 2015.03.01"},"content":{"rendered":"<p>\n\t\t<style type=\"text\/css\">\n\t\t\t#gallery-2 {\n\t\t\t\tmargin: auto;\n\t\t\t}\n\t\t\t#gallery-2 .gallery-item {\n\t\t\t\tfloat: left;\n\t\t\t\tmargin-top: 10px;\n\t\t\t\ttext-align: center;\n\t\t\t\twidth: 25%;\n\t\t\t}\n\t\t\t#gallery-2 img {\n\t\t\t\tborder: 2px solid #cfcfcf;\n\t\t\t}\n\t\t\t#gallery-2 .gallery-caption {\n\t\t\t\tmargin-left: 0;\n\t\t\t}\n\t\t\t\/* see gallery_shortcode() in wp-includes\/media.php *\/\n\t\t<\/style>\n\t\t<div id='gallery-2' class='gallery galleryid-318 gallery-columns-4 gallery-size-thumbnail'><dl class='gallery-item'>\n\t\t\t<dt class='gallery-icon landscape'>\n\t\t\t\t<a href='https:\/\/www.szondaphone.hu\/wp-content\/uploads\/2015\/06\/dial-reach_img_7774.jpg'><img loading=\"lazy\" decoding=\"async\" width=\"150\" height=\"150\" src=\"https:\/\/www.szondaphone.hu\/wp-content\/uploads\/2015\/06\/dial-reach_img_7774-150x150.jpg\" class=\"attachment-thumbnail size-thumbnail colorbox-318 \" alt=\"\" \/><\/a>\n\t\t\t<\/dt><\/dl><dl class='gallery-item'>\n\t\t\t<dt class='gallery-icon landscape'>\n\t\t\t\t<a href='https:\/\/www.szondaphone.hu\/wp-content\/uploads\/2015\/06\/dial-reach_img_7784.jpg'><img loading=\"lazy\" decoding=\"async\" width=\"150\" height=\"150\" src=\"https:\/\/www.szondaphone.hu\/wp-content\/uploads\/2015\/06\/dial-reach_img_7784-150x150.jpg\" class=\"attachment-thumbnail size-thumbnail colorbox-318 \" alt=\"\" \/><\/a>\n\t\t\t<\/dt><\/dl><dl class='gallery-item'>\n\t\t\t<dt class='gallery-icon landscape'>\n\t\t\t\t<a href='https:\/\/www.szondaphone.hu\/wp-content\/uploads\/2015\/06\/dial-reach_img_8427.jpg'><img loading=\"lazy\" decoding=\"async\" width=\"150\" height=\"150\" src=\"https:\/\/www.szondaphone.hu\/wp-content\/uploads\/2015\/06\/dial-reach_img_8427-150x150.jpg\" class=\"attachment-thumbnail size-thumbnail colorbox-318 \" alt=\"\" \/><\/a>\n\t\t\t<\/dt><\/dl><dl class='gallery-item'>\n\t\t\t<dt class='gallery-icon landscape'>\n\t\t\t\t<a href='https:\/\/www.szondaphone.hu\/wp-content\/uploads\/2015\/06\/dial-reach_img_8429.jpg'><img loading=\"lazy\" decoding=\"async\" width=\"150\" height=\"150\" src=\"https:\/\/www.szondaphone.hu\/wp-content\/uploads\/2015\/06\/dial-reach_img_8429-150x150.jpg\" class=\"attachment-thumbnail size-thumbnail colorbox-318 \" alt=\"\" \/><\/a>\n\t\t\t<\/dt><\/dl><br style=\"clear: both\" \/><dl class='gallery-item'>\n\t\t\t<dt class='gallery-icon portrait'>\n\t\t\t\t<a href='https:\/\/www.szondaphone.hu\/wp-content\/uploads\/2015\/06\/dial-reach_img_8431.jpg'><img loading=\"lazy\" decoding=\"async\" width=\"150\" height=\"150\" src=\"https:\/\/www.szondaphone.hu\/wp-content\/uploads\/2015\/06\/dial-reach_img_8431-150x150.jpg\" class=\"attachment-thumbnail size-thumbnail colorbox-318 \" alt=\"\" \/><\/a>\n\t\t\t<\/dt><\/dl><dl class='gallery-item'>\n\t\t\t<dt class='gallery-icon landscape'>\n\t\t\t\t<a href='https:\/\/www.szondaphone.hu\/wp-content\/uploads\/2015\/06\/dial-reach_img_8438.jpg'><img loading=\"lazy\" decoding=\"async\" width=\"150\" height=\"150\" src=\"https:\/\/www.szondaphone.hu\/wp-content\/uploads\/2015\/06\/dial-reach_img_8438-150x150.jpg\" class=\"attachment-thumbnail size-thumbnail colorbox-318 \" alt=\"\" \/><\/a>\n\t\t\t<\/dt><\/dl>\n\t\t\t<br style='clear: both' \/>\n\t\t<\/div>\n<\/p>\n<div class=\"size-full\" style=\"background: none; border: none; position: fixed; bottom: 0; right: 0; max-width: 260px; height: auto;\"><a href=\"\/en\/projektjeink\"><br \/>\n<img loading=\"lazy\" decoding=\"async\" width=\"400\" height=\"277\" class=\"wp-image-364 colorbox-318\" src=\"https:\/\/www.szondaphone.hu\/wp-content\/uploads\/2015\/11\/szondaphone.hu_infoblokk-masik.png\" alt=\"infoblokk-masik\" srcset=\"https:\/\/www.szondaphone.hu\/wp-content\/uploads\/2015\/11\/szondaphone.hu_infoblokk-masik.png 400w, https:\/\/www.szondaphone.hu\/wp-content\/uploads\/2015\/11\/szondaphone.hu_infoblokk-masik-250x173.png 250w, https:\/\/www.szondaphone.hu\/wp-content\/uploads\/2015\/11\/szondaphone.hu_infoblokk-masik-120x83.png 120w, https:\/\/www.szondaphone.hu\/wp-content\/uploads\/2015\/11\/szondaphone.hu_infoblokk-masik-160x110.png 160w\" sizes=\"auto, (max-width: 400px) 100vw, 400px\" \/><br \/>\n<\/a><\/div>\n<p><\/p>","protected":false},"excerpt":{"rendered":"","protected":false},"author":3,"featured_media":0,"parent":0,"menu_order":0,"comment_status":"open","ping_status":"open","template":"","meta":{"_acf_changed":false,"footnotes":""},"class_list":["post-318","page","type-page","status-publish","hentry"],"acf":[],"yoast_head":"<!-- This site is optimized with the Yoast SEO plugin v27.4 - https:\/\/yoast.com\/product\/yoast-seo-wordpress\/ -->\n<title>Traveling exhibition - 2015.03.01 - Szondaphone<\/title>\n<meta name=\"robots\" content=\"index, follow, max-snippet:-1, max-image-preview:large, max-video-preview:-1\" \/>\n<link rel=\"canonical\" href=\"https:\/\/www.szondaphone.hu\/utazaskiallitas-2015-03-01\/\" \/>\n<meta property=\"og:locale\" content=\"en_US\" \/>\n<meta property=\"og:type\" content=\"article\" \/>\n<meta property=\"og:title\" content=\"Traveling exhibition - 2015.03.01 - Szondaphone\" \/>\n<meta property=\"og:url\" content=\"https:\/\/www.szondaphone.hu\/utazaskiallitas-2015-03-01\/\" \/>\n<meta property=\"og:site_name\" content=\"Szondaphone\" \/>\n<meta property=\"article:modified_time\" content=\"2018-06-06T18:11:31+00:00\" \/>\n<meta property=\"og:image\" content=\"https:\/\/www.szondaphone.hu\/wp-content\/uploads\/2015\/06\/dial-reach_img_7774-150x150.jpg\" \/>\n<script type=\"application\/ld+json\" class=\"yoast-schema-graph\">{\"@context\":\"https:\\\/\\\/schema.org\",\"@graph\":[{\"@type\":\"WebPage\",\"@id\":\"https:\\\/\\\/www.szondaphone.hu\\\/utazaskiallitas-2015-03-01\\\/\",\"url\":\"https:\\\/\\\/www.szondaphone.hu\\\/utazaskiallitas-2015-03-01\\\/\",\"name\":\"[:hu]Utaz\u00e1ski\u00e1ll\u00edt\u00e1s - 2015.03.01[:en]Traveling exhibition - 2015.03.01[:] - Szondaphone\",\"isPartOf\":{\"@id\":\"https:\\\/\\\/www.szondaphone.hu\\\/#website\"},\"primaryImageOfPage\":{\"@id\":\"https:\\\/\\\/www.szondaphone.hu\\\/utazaskiallitas-2015-03-01\\\/#primaryimage\"},\"image\":{\"@id\":\"https:\\\/\\\/www.szondaphone.hu\\\/utazaskiallitas-2015-03-01\\\/#primaryimage\"},\"thumbnailUrl\":\"https:\\\/\\\/www.szondaphone.hu\\\/wp-content\\\/uploads\\\/2015\\\/11\\\/szondaphone.hu_infoblokk-masik.png\",\"datePublished\":\"2015-06-10T13:01:20+00:00\",\"dateModified\":\"2018-06-06T18:11:31+00:00\",\"breadcrumb\":{\"@id\":\"https:\\\/\\\/www.szondaphone.hu\\\/utazaskiallitas-2015-03-01\\\/#breadcrumb\"},\"inLanguage\":\"en-US\",\"potentialAction\":[{\"@type\":\"ReadAction\",\"target\":[\"https:\\\/\\\/www.szondaphone.hu\\\/utazaskiallitas-2015-03-01\\\/\"]}]},{\"@type\":\"ImageObject\",\"inLanguage\":\"en-US\",\"@id\":\"https:\\\/\\\/www.szondaphone.hu\\\/utazaskiallitas-2015-03-01\\\/#primaryimage\",\"url\":\"https:\\\/\\\/www.szondaphone.hu\\\/wp-content\\\/uploads\\\/2015\\\/11\\\/szondaphone.hu_infoblokk-masik.png\",\"contentUrl\":\"https:\\\/\\\/www.szondaphone.hu\\\/wp-content\\\/uploads\\\/2015\\\/11\\\/szondaphone.hu_infoblokk-masik.png\"},{\"@type\":\"BreadcrumbList\",\"@id\":\"https:\\\/\\\/www.szondaphone.hu\\\/utazaskiallitas-2015-03-01\\\/#breadcrumb\",\"itemListElement\":[{\"@type\":\"ListItem\",\"position\":1,\"name\":\"Kezd\u0151lap\",\"item\":\"https:\\\/\\\/www.szondaphone.hu\\\/\"},{\"@type\":\"ListItem\",\"position\":2,\"name\":\"Utaz\u00e1ski\u00e1ll\u00edt\u00e1s &#8211; 2015.03.01\"}]},{\"@type\":\"WebSite\",\"@id\":\"https:\\\/\\\/www.szondaphone.hu\\\/#website\",\"url\":\"https:\\\/\\\/www.szondaphone.hu\\\/\",\"name\":\"Szondaphone\",\"description\":\"...\",\"potentialAction\":[{\"@type\":\"SearchAction\",\"target\":{\"@type\":\"EntryPoint\",\"urlTemplate\":\"https:\\\/\\\/www.szondaphone.hu\\\/?s={search_term_string}\"},\"query-input\":{\"@type\":\"PropertyValueSpecification\",\"valueRequired\":true,\"valueName\":\"search_term_string\"}}],\"inLanguage\":\"en-US\"}]}<\/script>\n<!-- \/ Yoast SEO plugin. -->","yoast_head_json":{"title":"Traveling exhibition - 2015.03.01 - Szondaphone","robots":{"index":"index","follow":"follow","max-snippet":"max-snippet:-1","max-image-preview":"max-image-preview:large","max-video-preview":"max-video-preview:-1"},"canonical":"https:\/\/www.szondaphone.hu\/utazaskiallitas-2015-03-01\/","og_locale":"en_US","og_type":"article","og_title":"Traveling exhibition - 2015.03.01 - Szondaphone","og_url":"https:\/\/www.szondaphone.hu\/utazaskiallitas-2015-03-01\/","og_site_name":"Szondaphone","article_modified_time":"2018-06-06T18:11:31+00:00","og_image":[{"url":"https:\/\/www.szondaphone.hu\/wp-content\/uploads\/2015\/06\/dial-reach_img_7774-150x150.jpg","type":"","width":"","height":""}],"schema":{"@context":"https:\/\/schema.org","@graph":[{"@type":"WebPage","@id":"https:\/\/www.szondaphone.hu\/utazaskiallitas-2015-03-01\/","url":"https:\/\/www.szondaphone.hu\/utazaskiallitas-2015-03-01\/","name":"[:hu]Utaz\u00e1ski\u00e1ll\u00edt\u00e1s - 2015.03.01[:en]Traveling exhibition - 2015.03.01[:] - Szondaphone","isPartOf":{"@id":"https:\/\/www.szondaphone.hu\/#website"},"primaryImageOfPage":{"@id":"https:\/\/www.szondaphone.hu\/utazaskiallitas-2015-03-01\/#primaryimage"},"image":{"@id":"https:\/\/www.szondaphone.hu\/utazaskiallitas-2015-03-01\/#primaryimage"},"thumbnailUrl":"https:\/\/www.szondaphone.hu\/wp-content\/uploads\/2015\/11\/szondaphone.hu_infoblokk-masik.png","datePublished":"2015-06-10T13:01:20+00:00","dateModified":"2018-06-06T18:11:31+00:00","breadcrumb":{"@id":"https:\/\/www.szondaphone.hu\/utazaskiallitas-2015-03-01\/#breadcrumb"},"inLanguage":"en-US","potentialAction":[{"@type":"ReadAction","target":["https:\/\/www.szondaphone.hu\/utazaskiallitas-2015-03-01\/"]}]},{"@type":"ImageObject","inLanguage":"en-US","@id":"https:\/\/www.szondaphone.hu\/utazaskiallitas-2015-03-01\/#primaryimage","url":"https:\/\/www.szondaphone.hu\/wp-content\/uploads\/2015\/11\/szondaphone.hu_infoblokk-masik.png","contentUrl":"https:\/\/www.szondaphone.hu\/wp-content\/uploads\/2015\/11\/szondaphone.hu_infoblokk-masik.png"},{"@type":"BreadcrumbList","@id":"https:\/\/www.szondaphone.hu\/utazaskiallitas-2015-03-01\/#breadcrumb","itemListElement":[{"@type":"ListItem","position":1,"name":"Kezd\u0151lap","item":"https:\/\/www.szondaphone.hu\/"},{"@type":"ListItem","position":2,"name":"Utaz\u00e1ski\u00e1ll\u00edt\u00e1s &#8211; 2015.03.01"}]},{"@type":"WebSite","@id":"https:\/\/www.szondaphone.hu\/#website","url":"https:\/\/www.szondaphone.hu\/","name":"Szondaphone","description":"...","potentialAction":[{"@type":"SearchAction","target":{"@type":"EntryPoint","urlTemplate":"https:\/\/www.szondaphone.hu\/?s={search_term_string}"},"query-input":{"@type":"PropertyValueSpecification","valueRequired":true,"valueName":"search_term_string"}}],"inLanguage":"en-US"}]}},"_links":{"self":[{"href":"https:\/\/www.szondaphone.hu\/en\/wp-json\/wp\/v2\/pages\/318","targetHints":{"allow":["GET"]}}],"collection":[{"href":"https:\/\/www.szondaphone.hu\/en\/wp-json\/wp\/v2\/pages"}],"about":[{"href":"https:\/\/www.szondaphone.hu\/en\/wp-json\/wp\/v2\/types\/page"}],"author":[{"embeddable":true,"href":"https:\/\/www.szondaphone.hu\/en\/wp-json\/wp\/v2\/users\/3"}],"replies":[{"embeddable":true,"href":"https:\/\/www.szondaphone.hu\/en\/wp-json\/wp\/v2\/comments?post=318"}],"version-history":[{"count":0,"href":"https:\/\/www.szondaphone.hu\/en\/wp-json\/wp\/v2\/pages\/318\/revisions"}],"wp:attachment":[{"href":"https:\/\/www.szondaphone.hu\/en\/wp-json\/wp\/v2\/media?parent=318"}],"curies":[{"name":"wp","href":"https:\/\/api.w.org\/{rel}","templated":true}]}}