{"id":563,"date":"2018-05-24T17:00:40","date_gmt":"2018-05-24T15:00:40","guid":{"rendered":"https:\/\/www.szondaphone.hu\/?page_id=563"},"modified":"2021-01-22T13:47:46","modified_gmt":"2021-01-22T12:47:46","slug":"adatkezelesi-nyilatkozat","status":"publish","type":"page","link":"https:\/\/www.szondaphone.hu\/en\/adatkezelesi-nyilatkozat\/","title":{"rendered":"adatkezelesi-nyilatkozat"},"content":{"rendered":"<p><a href=\"https:\/\/www.szondaphone.hu\/wp-content\/uploads\/2018\/12\/szondaphone.hu_szondaphone-adatkezelesi-tajekoztato.pdf\" style=\"color: blue; text-decoration: underline\">Adatkezel\u00e9si \u00e9s adatbiztons\u00e1gi t\u00e1j\u00e9kozat\u00f3 let\u00f6lt\u00e9se\/megtekint\u00e9se<\/a><\/p>\n<div class=\"size-full\" style=\"background: none; border: none; position: fixed; bottom: 0; right: 0; max-width: 260px; height: auto;\"><a href=\"\/en\/projektjeink\"><br \/>\n<img loading=\"lazy\" decoding=\"async\" width=\"400\" height=\"277\" class=\"wp-image-364 colorbox-563\" src=\"https:\/\/www.szondaphone.hu\/wp-content\/uploads\/2015\/11\/szondaphone.hu_infoblokk-masik.png\" alt=\"infoblokk-masik\" srcset=\"https:\/\/www.szondaphone.hu\/wp-content\/uploads\/2015\/11\/szondaphone.hu_infoblokk-masik.png 400w, https:\/\/www.szondaphone.hu\/wp-content\/uploads\/2015\/11\/szondaphone.hu_infoblokk-masik-250x173.png 250w, https:\/\/www.szondaphone.hu\/wp-content\/uploads\/2015\/11\/szondaphone.hu_infoblokk-masik-120x83.png 120w, https:\/\/www.szondaphone.hu\/wp-content\/uploads\/2015\/11\/szondaphone.hu_infoblokk-masik-160x110.png 160w\" sizes=\"auto, (max-width: 400px) 100vw, 400px\" \/><br \/>\n<\/a><\/div>\n<p><\/p>","protected":false},"excerpt":{"rendered":"Adatkezel\u00e9si \u00e9s adatbiztons\u00e1gi t\u00e1j\u00e9kozat\u00f3 let\u00f6lt\u00e9se\/megtekint\u00e9se","protected":false},"author":3,"featured_media":0,"parent":0,"menu_order":0,"comment_status":"closed","ping_status":"closed","template":"","meta":{"_acf_changed":false,"footnotes":""},"class_list":["post-563","page","type-page","status-publish","hentry"],"acf":[],"yoast_head":"<!-- This site is optimized with the Yoast SEO plugin v27.5 - https:\/\/yoast.com\/product\/yoast-seo-wordpress\/ -->\n<title>adatkezelesi-nyilatkozat - Szondaphone<\/title>\n<meta name=\"robots\" content=\"index, follow, max-snippet:-1, max-image-preview:large, max-video-preview:-1\" \/>\n<link rel=\"canonical\" href=\"https:\/\/www.szondaphone.hu\/adatkezelesi-nyilatkozat\/\" \/>\n<meta property=\"og:locale\" content=\"en_US\" \/>\n<meta property=\"og:type\" content=\"article\" \/>\n<meta property=\"og:title\" content=\"adatkezelesi-nyilatkozat - Szondaphone\" \/>\n<meta property=\"og:description\" content=\"Adatkezel\u00e9si \u00e9s adatbiztons\u00e1gi t\u00e1j\u00e9kozat\u00f3 let\u00f6lt\u00e9se\/megtekint\u00e9se\" \/>\n<meta property=\"og:url\" content=\"https:\/\/www.szondaphone.hu\/adatkezelesi-nyilatkozat\/\" \/>\n<meta property=\"og:site_name\" content=\"Szondaphone\" \/>\n<meta property=\"article:modified_time\" content=\"2021-01-22T12:47:46+00:00\" \/>\n<meta property=\"og:image\" content=\"https:\/\/www.szondaphone.hu\/wp-content\/uploads\/2015\/11\/szondaphone.hu_infoblokk-masik.png\" \/>\n<script type=\"application\/ld+json\" class=\"yoast-schema-graph\">{\"@context\":\"https:\\\/\\\/schema.org\",\"@graph\":[{\"@type\":\"WebPage\",\"@id\":\"https:\\\/\\\/www.szondaphone.hu\\\/adatkezelesi-nyilatkozat\\\/\",\"url\":\"https:\\\/\\\/www.szondaphone.hu\\\/adatkezelesi-nyilatkozat\\\/\",\"name\":\"adatkezelesi-nyilatkozat - Szondaphone\",\"isPartOf\":{\"@id\":\"https:\\\/\\\/www.szondaphone.hu\\\/#website\"},\"primaryImageOfPage\":{\"@id\":\"https:\\\/\\\/www.szondaphone.hu\\\/adatkezelesi-nyilatkozat\\\/#primaryimage\"},\"image\":{\"@id\":\"https:\\\/\\\/www.szondaphone.hu\\\/adatkezelesi-nyilatkozat\\\/#primaryimage\"},\"thumbnailUrl\":\"https:\\\/\\\/www.szondaphone.hu\\\/wp-content\\\/uploads\\\/2015\\\/11\\\/szondaphone.hu_infoblokk-masik.png\",\"datePublished\":\"2018-05-24T15:00:40+00:00\",\"dateModified\":\"2021-01-22T12:47:46+00:00\",\"breadcrumb\":{\"@id\":\"https:\\\/\\\/www.szondaphone.hu\\\/adatkezelesi-nyilatkozat\\\/#breadcrumb\"},\"inLanguage\":\"en-US\",\"potentialAction\":[{\"@type\":\"ReadAction\",\"target\":[\"https:\\\/\\\/www.szondaphone.hu\\\/adatkezelesi-nyilatkozat\\\/\"]}]},{\"@type\":\"ImageObject\",\"inLanguage\":\"en-US\",\"@id\":\"https:\\\/\\\/www.szondaphone.hu\\\/adatkezelesi-nyilatkozat\\\/#primaryimage\",\"url\":\"https:\\\/\\\/www.szondaphone.hu\\\/wp-content\\\/uploads\\\/2015\\\/11\\\/szondaphone.hu_infoblokk-masik.png\",\"contentUrl\":\"https:\\\/\\\/www.szondaphone.hu\\\/wp-content\\\/uploads\\\/2015\\\/11\\\/szondaphone.hu_infoblokk-masik.png\"},{\"@type\":\"BreadcrumbList\",\"@id\":\"https:\\\/\\\/www.szondaphone.hu\\\/adatkezelesi-nyilatkozat\\\/#breadcrumb\",\"itemListElement\":[{\"@type\":\"ListItem\",\"position\":1,\"name\":\"Kezd\u0151lap\",\"item\":\"https:\\\/\\\/www.szondaphone.hu\\\/\"},{\"@type\":\"ListItem\",\"position\":2,\"name\":\"adatkezelesi-nyilatkozat\"}]},{\"@type\":\"WebSite\",\"@id\":\"https:\\\/\\\/www.szondaphone.hu\\\/#website\",\"url\":\"https:\\\/\\\/www.szondaphone.hu\\\/\",\"name\":\"Szondaphone\",\"description\":\"...\",\"potentialAction\":[{\"@type\":\"SearchAction\",\"target\":{\"@type\":\"EntryPoint\",\"urlTemplate\":\"https:\\\/\\\/www.szondaphone.hu\\\/?s={search_term_string}\"},\"query-input\":{\"@type\":\"PropertyValueSpecification\",\"valueRequired\":true,\"valueName\":\"search_term_string\"}}],\"inLanguage\":\"en-US\"}]}<\/script>\n<!-- \/ Yoast SEO plugin. -->","yoast_head_json":{"title":"adatkezelesi-nyilatkozat - Szondaphone","robots":{"index":"index","follow":"follow","max-snippet":"max-snippet:-1","max-image-preview":"max-image-preview:large","max-video-preview":"max-video-preview:-1"},"canonical":"https:\/\/www.szondaphone.hu\/adatkezelesi-nyilatkozat\/","og_locale":"en_US","og_type":"article","og_title":"adatkezelesi-nyilatkozat - Szondaphone","og_description":"Adatkezel\u00e9si \u00e9s adatbiztons\u00e1gi t\u00e1j\u00e9kozat\u00f3 let\u00f6lt\u00e9se\/megtekint\u00e9se","og_url":"https:\/\/www.szondaphone.hu\/adatkezelesi-nyilatkozat\/","og_site_name":"Szondaphone","article_modified_time":"2021-01-22T12:47:46+00:00","og_image":[{"url":"https:\/\/www.szondaphone.hu\/wp-content\/uploads\/2015\/11\/szondaphone.hu_infoblokk-masik.png","type":"","width":"","height":""}],"schema":{"@context":"https:\/\/schema.org","@graph":[{"@type":"WebPage","@id":"https:\/\/www.szondaphone.hu\/adatkezelesi-nyilatkozat\/","url":"https:\/\/www.szondaphone.hu\/adatkezelesi-nyilatkozat\/","name":"adatkezelesi-nyilatkozat - Szondaphone","isPartOf":{"@id":"https:\/\/www.szondaphone.hu\/#website"},"primaryImageOfPage":{"@id":"https:\/\/www.szondaphone.hu\/adatkezelesi-nyilatkozat\/#primaryimage"},"image":{"@id":"https:\/\/www.szondaphone.hu\/adatkezelesi-nyilatkozat\/#primaryimage"},"thumbnailUrl":"https:\/\/www.szondaphone.hu\/wp-content\/uploads\/2015\/11\/szondaphone.hu_infoblokk-masik.png","datePublished":"2018-05-24T15:00:40+00:00","dateModified":"2021-01-22T12:47:46+00:00","breadcrumb":{"@id":"https:\/\/www.szondaphone.hu\/adatkezelesi-nyilatkozat\/#breadcrumb"},"inLanguage":"en-US","potentialAction":[{"@type":"ReadAction","target":["https:\/\/www.szondaphone.hu\/adatkezelesi-nyilatkozat\/"]}]},{"@type":"ImageObject","inLanguage":"en-US","@id":"https:\/\/www.szondaphone.hu\/adatkezelesi-nyilatkozat\/#primaryimage","url":"https:\/\/www.szondaphone.hu\/wp-content\/uploads\/2015\/11\/szondaphone.hu_infoblokk-masik.png","contentUrl":"https:\/\/www.szondaphone.hu\/wp-content\/uploads\/2015\/11\/szondaphone.hu_infoblokk-masik.png"},{"@type":"BreadcrumbList","@id":"https:\/\/www.szondaphone.hu\/adatkezelesi-nyilatkozat\/#breadcrumb","itemListElement":[{"@type":"ListItem","position":1,"name":"Kezd\u0151lap","item":"https:\/\/www.szondaphone.hu\/"},{"@type":"ListItem","position":2,"name":"adatkezelesi-nyilatkozat"}]},{"@type":"WebSite","@id":"https:\/\/www.szondaphone.hu\/#website","url":"https:\/\/www.szondaphone.hu\/","name":"Szondaphone","description":"...","potentialAction":[{"@type":"SearchAction","target":{"@type":"EntryPoint","urlTemplate":"https:\/\/www.szondaphone.hu\/?s={search_term_string}"},"query-input":{"@type":"PropertyValueSpecification","valueRequired":true,"valueName":"search_term_string"}}],"inLanguage":"en-US"}]}},"_links":{"self":[{"href":"https:\/\/www.szondaphone.hu\/en\/wp-json\/wp\/v2\/pages\/563","targetHints":{"allow":["GET"]}}],"collection":[{"href":"https:\/\/www.szondaphone.hu\/en\/wp-json\/wp\/v2\/pages"}],"about":[{"href":"https:\/\/www.szondaphone.hu\/en\/wp-json\/wp\/v2\/types\/page"}],"author":[{"embeddable":true,"href":"https:\/\/www.szondaphone.hu\/en\/wp-json\/wp\/v2\/users\/3"}],"replies":[{"embeddable":true,"href":"https:\/\/www.szondaphone.hu\/en\/wp-json\/wp\/v2\/comments?post=563"}],"version-history":[{"count":0,"href":"https:\/\/www.szondaphone.hu\/en\/wp-json\/wp\/v2\/pages\/563\/revisions"}],"wp:attachment":[{"href":"https:\/\/www.szondaphone.hu\/en\/wp-json\/wp\/v2\/media?parent=563"}],"curies":[{"name":"wp","href":"https:\/\/api.w.org\/{rel}","templated":true}]}}